{"id":486,"date":"2021-09-16T09:17:47","date_gmt":"2021-09-16T09:17:47","guid":{"rendered":"https:\/\/catalinadanglade.art\/?page_id=486"},"modified":"2026-01-20T15:21:53","modified_gmt":"2026-01-20T15:21:53","slug":"catalina-danglade","status":"publish","type":"page","link":"https:\/\/catalinadanglade.art\/es\/catalina-danglade\/","title":{"rendered":"CATALINA D&#8217;ANGLADE"},"content":{"rendered":"<p data-start=\"5\" data-end=\"77\"><strong data-start=\"5\" data-end=\"75\">Catalina D\u2019Anglade ART: Un Laboratorio Visionario de Arte y Dise\u00f1o<\/strong><\/p>\n<p data-start=\"79\" data-end=\"206\">Catalina D\u2019Anglade ART es un innovador laboratorio de ideas donde el arte y el dise\u00f1o convergen para impulsar la creatividad.<\/p>\n<p data-start=\"208\" data-end=\"611\">Al frente de este proyecto est\u00e1 <strong data-start=\"240\" data-end=\"262\">Catalina D\u2019Anglade<\/strong>, una creadora madrile\u00f1a con trayectoria internacional, que concibe la creaci\u00f3n cultural como una poderosa herramienta de enriquecimiento social y difusi\u00f3n art\u00edstica. Dise\u00f1adora y apasionada coleccionista de arte, dirigi\u00f3 una de las bienales de escultura m\u00e1s prestigiosas de Espa\u00f1a antes de embarcarse en la creaci\u00f3n de su propio universo en 2015.<\/p>\n<p data-start=\"613\" data-end=\"1006\">Su primera colaboraci\u00f3n en el mundo del arte fue con <strong data-start=\"666\" data-end=\"683\">Rafa Macarr\u00f3n<\/strong>, un artista cuyo talento sin l\u00edmites ha admirado desde sus inicios. Juntos dieron vida a <em data-start=\"773\" data-end=\"781\">FAMILY<\/em>, una colecci\u00f3n de alfombras limitadas y numeradas donde sus universos art\u00edsticos se fusionan a la perfecci\u00f3n. Esta pieza exclusiva debut\u00f3 en el <strong data-start=\"926\" data-end=\"944\">ARCOLunch hall<\/strong> durante la <strong data-start=\"956\" data-end=\"1003\">Feria de Arte Contempor\u00e1neo ARCOmadrid 2017<\/strong>.<\/p>\n<h3 data-start=\"1008\" data-end=\"1057\"><strong data-start=\"1012\" data-end=\"1055\">El Premio Catalina D\u2019Anglade ARCOmadrid<\/strong><\/h3>\n<p data-start=\"1058\" data-end=\"1373\">En 2017, Catalina D\u2019Anglade ART lanz\u00f3 el <strong data-start=\"1099\" data-end=\"1139\">Premio Catalina D\u2019Anglade ARCOmadrid<\/strong> para apoyar a artistas visionarios dispuestos a ampliar los l\u00edmites de su creatividad m\u00e1s all\u00e1 de los entornos tradicionales. Esta iniciativa une <strong data-start=\"1286\" data-end=\"1303\">arte y dise\u00f1o<\/strong>, integrando visiones art\u00edsticas vanguardistas en la vida cotidiana.<\/p>\n<p data-start=\"1375\" data-end=\"1428\">Este prestigioso premio se desarrolla en dos fases:<\/p>\n<ol data-start=\"1429\" data-end=\"1629\">\n<li data-start=\"1429\" data-end=\"1512\"><strong data-start=\"1432\" data-end=\"1464\">Reconocimiento y Adquisici\u00f3n<\/strong> \u2013 Se selecciona y adquiere la pieza ganadora.<\/li>\n<li data-start=\"1513\" data-end=\"1629\"><strong data-start=\"1516\" data-end=\"1538\">Expansi\u00f3n Creativa<\/strong> \u2013 El artista desarrolla un nuevo proyecto in\u00e9dito en el que arte y dise\u00f1o se entrelazan.<\/li>\n<\/ol>\n<p data-start=\"1631\" data-end=\"1724\">Desde su creaci\u00f3n, el premio ha impulsado a talentosos artistas con propuestas innovadoras:<\/p>\n<ul data-start=\"1726\" data-end=\"2441\">\n<li data-start=\"1726\" data-end=\"1808\"><strong data-start=\"1728\" data-end=\"1758\">2017 \u2013 Fernanda Fragateiro<\/strong>: Una escultural estanter\u00eda de acero inoxidable.<\/li>\n<li data-start=\"1809\" data-end=\"1899\"><strong data-start=\"1811\" data-end=\"1841\">2018 \u2013 Secundino Hern\u00e1ndez<\/strong>: Una impresionante colecci\u00f3n de 24 l\u00e1mparas exclusivas.<\/li>\n<li data-start=\"1900\" data-end=\"1992\"><strong data-start=\"1902\" data-end=\"1926\">2019 \u2013 Luis Gordillo<\/strong>: Un conjunto de 12 azulejos \u00fanicos basados en dibujos in\u00e9ditos.<\/li>\n<li data-start=\"1993\" data-end=\"2086\"><strong data-start=\"1995\" data-end=\"2022\">2020 \u2013 Daniel Steegmann<\/strong>: Un impactante conjunto de siete l\u00e1mparas de aceite en lat\u00f3n.<\/li>\n<li data-start=\"2087\" data-end=\"2172\"><strong data-start=\"2089\" data-end=\"2111\">2022 \u2013 June Crespo<\/strong>: Un audaz asiento de hormig\u00f3n con cojines intercambiables.<\/li>\n<li data-start=\"2173\" data-end=\"2285\"><strong data-start=\"2175\" data-end=\"2200\">2023 \u2013 Ester Parteg\u00e0s<\/strong>: Un espejo con fotograf\u00edas impresas de migas de pan con un hipn\u00f3tico efecto lunar.<\/li>\n<li data-start=\"2286\" data-end=\"2361\"><strong data-start=\"2288\" data-end=\"2312\">2024 \u2013 Susana Solano<\/strong>: Una mesa de acero y madera con alas movibles.<\/li>\n<li data-start=\"2362\" data-end=\"2441\"><strong data-start=\"2364\" data-end=\"2388\">2025 \u2013 \u00c1lvaro Urbano<\/strong>: Su creaci\u00f3n ser\u00e1 revelada a lo largo de este a\u00f1o.<\/li>\n<\/ul>\n<p data-start=\"2443\" data-end=\"2632\">Con cada edici\u00f3n, el <strong data-start=\"2464\" data-end=\"2504\">Premio Catalina D\u2019Anglade ARCOmadrid<\/strong> sigue desafiando los l\u00edmites de la innovaci\u00f3n art\u00edstica, fusionando el arte y el dise\u00f1o de formas inesperadas y emocionantes.<\/p>\n<p data-start=\"2443\" data-end=\"2632\">En 2019, Catalina D\u2019Anglade Art conecta arte y dise\u00f1o en \u2018Project Room-Cabinet Bauhaus\u2019. Un homenaje a la revolucionaria escuela, con piezas de cuatro destacados artistas que dialogan entre la creaci\u00f3n art\u00edstica y el dise\u00f1o funcional. D\u2019Anglade seleccion\u00f3 a cuatro artistas para que conciban objetos inspirados en los principios de la Bauhaus. Nombres ya fundamentales en la escena del arte emergente internacional, Guillermo Mora, N\u00faria Fuster, Karlos Gil y Leonor Serrano Rivas han creado cuatro objetos con los que rinden homenaje a la escuela experimental que este a\u00f1o cumple su centenario.<\/p>\n<p data-start=\"2443\" data-end=\"2632\"><strong>Guillermo Mora<\/strong>. Su propuesta titulada \u00abPunto y l\u00ednea sobre tabla\u00bb, expande su pintura a un mantel de lino sobre el que traslada las tres formas b\u00e1sicas de la Bauhaus \u2013tri\u00e1ngulo, c\u00edrculo y cuadrado\u2013, as\u00ed como los tres colores puros. Un juego de formas que se multiplican en las servilletas trasladando la geometr\u00eda a la informalidad propia de una reuni\u00f3n en torno a una mesa.<\/p>\n<p data-start=\"2443\" data-end=\"2632\"><strong>Nuria Fuster<\/strong> llama a su l\u00e1mpara \u00abBubblehaus\u00bb, uniendo dos ideas: tanto la filosof\u00eda de la Bauhaus como la teor\u00eda de las esferas de Peter Sl\u00f6terdijk, lectura que acompa\u00f1a sus \u00faltimas obras. Una l\u00e1mpara de mesa, que establece una conexi\u00f3n entre lo industrial y lo c\u00f3smico. Su forma esf\u00e9rica genera un juego de eclipses lum\u00ednicos y \u00f3rbitas rotativas que nos conectan con lo m\u00e1s esencial y b\u00e1sico: el cosmos. En un sentido funcional, permite colocar el plato de metal m\u00e1s grande delante de la bombilla, evitando una exposici\u00f3n directa de la luz y pudiendo direccionarla a nuestra voluntad. Los dos c\u00edrculos de plancha de hierro quedan suspendidos en equilibrio, generando un juego cin\u00e9tico en el espacio. El eje central es rotativo y sensible a cualquier movimiento que suceda alrededor e implicar\u00e1 un cambio de posici\u00f3n. En s\u00ed, es un objeto que se expande y participa activamente, generando diferentes estados y trabajando la dimensi\u00f3n del tiempo.<\/p>\n<p data-start=\"2443\" data-end=\"2632\"><strong>Karlos Gil<\/strong> propone una red difusa de conexiones, un \u00abcollage\u00bb hecho en el espacio tridimensional del lugar en el que expone y el tiempo de representaci\u00f3n. Inspirado en el ballet tri\u00e1dico desarrollado por Oskar Schlemmer, su propuesta, titulada \u00abGhost Whisper\u00bb plantea dos objetos con estructura de jarr\u00f3n que siguen, de forma an\u00e1loga, el mecanismo del vestuario de Schlemmer. Dicha metodolog\u00eda sigue varios principios geom\u00e9tricos de s\u00edntesis formal tomando como punto de partida seis fragmentos de jarrones de diferentes \u00e9pocas hist\u00f3ricas. Cada uno de ellos ha sido dise\u00f1ado individualmente y puede ser combinado con otras dos partes para generar una composici\u00f3n diferente, jugando con el esmaltado de los jarrones.<\/p>\n<p data-start=\"2443\" data-end=\"2632\"><strong>Leonor Serrano Rivas<\/strong> sigue los principios que fundaron los muebles de la Bauhaus para su propuesta de una jarra de vidrio. Su propuesta se compone de dos partes. Por un lado, hay una pieza de vidrio que se realiza de forma artesanal usando la t\u00e9cnica del vidrio soplado de modo que todas las bases de vidrio son distintas. En sus m\u00faltiples versiones, cada una tiene uno de los colores primarios haciendo un gui\u00f1o a la ideolog\u00eda de la Bauhaus: amarillo, azul y rojo. Por otro lado, encontramos un caparaz\u00f3n de hierro, una pieza seriada y estandarizada que sirve a su vez de abrazadera adaptable a las diferentes bases de vidrio y como contrapunto a esa primera mirada a la artesan\u00eda.<\/p>\n<p data-start=\"2443\" data-end=\"2632\">\n<p>INFORMACI\u00d3N DE CONTACTO<\/p>\n<p>Catalina D&#8217;Anglade Art.<br \/>\n\u00abARBEA\u00bb Campus Empresarial.<br \/>\nCarretera Fuencarral Alcobendas km 3,8<br \/>\n28108 Alcobendas<br \/>\nMadrid<\/p>\n<p>Tel.+34 917 659 133<br \/>\neelices@catalinadanglade.com<\/p>\n<p>sales@catalinadanglade.com<\/p>\n","protected":false},"excerpt":{"rendered":"<p>Catalina D\u2019Anglade ART: Un Laboratorio Visionario de Arte y Dise\u00f1o Catalina D\u2019Anglade ART es un innovador laboratorio de ideas donde el arte y el dise\u00f1o convergen para impulsar la creatividad. Al frente de este proyecto est\u00e1 Catalina D\u2019Anglade, una creadora madrile\u00f1a con trayectoria internacional, que concibe la creaci\u00f3n cultural como una poderosa herramienta de enriquecimiento [&hellip;]<\/p>\n","protected":false},"author":1,"featured_media":1307,"parent":0,"menu_order":0,"comment_status":"closed","ping_status":"closed","template":"about.php","meta":{"footnotes":""},"class_list":["post-486","page","type-page","status-publish","has-post-thumbnail","hentry"],"_links":{"self":[{"href":"https:\/\/catalinadanglade.art\/es\/wp-json\/wp\/v2\/pages\/486","targetHints":{"allow":["GET"]}}],"collection":[{"href":"https:\/\/catalinadanglade.art\/es\/wp-json\/wp\/v2\/pages"}],"about":[{"href":"https:\/\/catalinadanglade.art\/es\/wp-json\/wp\/v2\/types\/page"}],"author":[{"embeddable":true,"href":"https:\/\/catalinadanglade.art\/es\/wp-json\/wp\/v2\/users\/1"}],"replies":[{"embeddable":true,"href":"https:\/\/catalinadanglade.art\/es\/wp-json\/wp\/v2\/comments?post=486"}],"version-history":[{"count":10,"href":"https:\/\/catalinadanglade.art\/es\/wp-json\/wp\/v2\/pages\/486\/revisions"}],"predecessor-version":[{"id":1328,"href":"https:\/\/catalinadanglade.art\/es\/wp-json\/wp\/v2\/pages\/486\/revisions\/1328"}],"wp:featuredmedia":[{"embeddable":true,"href":"https:\/\/catalinadanglade.art\/es\/wp-json\/wp\/v2\/media\/1307"}],"wp:attachment":[{"href":"https:\/\/catalinadanglade.art\/es\/wp-json\/wp\/v2\/media?parent=486"}],"curies":[{"name":"wp","href":"https:\/\/api.w.org\/{rel}","templated":true}]}}